{"id":4616,"date":"2020-10-26T10:20:10","date_gmt":"2020-10-26T09:20:10","guid":{"rendered":"https:\/\/classic-job.jouw.dev\/restaurations\/"},"modified":"2023-05-04T09:14:40","modified_gmt":"2023-05-04T07:14:40","slug":"restaurations","status":"publish","type":"page","link":"https:\/\/classic-job.jouw.dev\/fr\/restaurations\/","title":{"rendered":"Restaurations"},"content":{"rendered":"\t\t<div data-elementor-type=\"wp-page\" data-elementor-id=\"4616\" class=\"elementor elementor-4616 elementor-1590\" data-elementor-post-type=\"page\">\n\t\t\t\t\t\t<section class=\"has_ae_slider elementor-section elementor-top-section elementor-element elementor-element-1696e76 elementor-section-boxed elementor-section-height-default elementor-section-height-default ae-bg-gallery-type-default\" data-id=\"1696e76\" data-element_type=\"section\" data-e-type=\"section\">\n\t\t\t\t\t\t\t<div class=\"elementor-background-overlay\"><\/div>\n\t\t\t\t\t\t\t<div class=\"elementor-container elementor-column-gap-no\">\n\t\t\t\t\t<div class=\"has_ae_slider elementor-column elementor-col-100 elementor-top-column elementor-element elementor-element-4b0e251 ae-bg-gallery-type-default\" data-id=\"4b0e251\" data-element_type=\"column\" data-e-type=\"column\">\n\t\t\t<div class=\"elementor-widget-wrap elementor-element-populated\">\n\t\t\t\t\t\t<div class=\"elementor-element elementor-element-bde55fc elementor-widget elementor-widget-heading\" data-id=\"bde55fc\" data-element_type=\"widget\" data-e-type=\"widget\" data-widget_type=\"heading.default\">\n\t\t\t\t<div class=\"elementor-widget-container\">\n\t\t\t\t\t<h4 class=\"elementor-heading-title elementor-size-default\">RESTAURATIONS<\/h4>\t\t\t\t<\/div>\n\t\t\t\t<\/div>\n\t\t\t\t<div class=\"elementor-element elementor-element-3a74f79 elementor-widget elementor-widget-heading\" data-id=\"3a74f79\" data-element_type=\"widget\" data-e-type=\"widget\" data-widget_type=\"heading.default\">\n\t\t\t\t<div class=\"elementor-widget-container\">\n\t\t\t\t\t<h1 class=\"elementor-heading-title elementor-size-default\">Restaurations de Classic Job<\/h1>\t\t\t\t<\/div>\n\t\t\t\t<\/div>\n\t\t\t\t<div class=\"elementor-element elementor-element-7ede57f elementor-widget elementor-widget-text-editor\" data-id=\"7ede57f\" data-element_type=\"widget\" data-e-type=\"widget\" data-widget_type=\"text-editor.default\">\n\t\t\t\t<div class=\"elementor-widget-container\">\n\t\t\t\t\t\t\t\t\t<p>Nous restaurons en tout ou en partie. Tant techniquement que t\u00f4lerie. Avec un atelier technique tout \u00e9quip\u00e9, un atelier t\u00f4lerie avec sa propre cabine de peinture et son propre service de r\u00e9vision moteur, rien n&rsquo;est trop fou pour nous!<\/p>\n\t\t\t\t\t\t\t\t<\/div>\n\t\t\t\t<\/div>\n\t\t\t\t\t<\/div>\n\t\t<\/div>\n\t\t\t\t\t<\/div>\n\t\t<\/section>\n\t\t\t\t<section class=\"has_ae_slider elementor-section elementor-top-section elementor-element elementor-element-b5e19d2 elementor-section-boxed elementor-section-height-default elementor-section-height-default ae-bg-gallery-type-default\" data-id=\"b5e19d2\" data-element_type=\"section\" data-e-type=\"section\" data-settings=\"{&quot;background_background&quot;:&quot;classic&quot;}\">\n\t\t\t\t\t\t<div class=\"elementor-container elementor-column-gap-no\">\n\t\t\t\t\t<div class=\"has_ae_slider elementor-column elementor-col-100 elementor-top-column elementor-element elementor-element-cc06251 ae-bg-gallery-type-default\" data-id=\"cc06251\" data-element_type=\"column\" data-e-type=\"column\">\n\t\t\t<div class=\"elementor-widget-wrap elementor-element-populated\">\n\t\t\t\t\t\t<div class=\"elementor-element elementor-element-7274a41 ae-grid-default overlay-h-pos-center overlay-v-pos-middle elementor-widget elementor-widget-ae-post-blocks-adv\" data-id=\"7274a41\" data-element_type=\"widget\" data-e-type=\"widget\" data-settings=\"{&quot;grid_columns&quot;:3,&quot;grid_columns_tablet&quot;:2,&quot;grid_columns_mobile&quot;:&quot;1&quot;}\" data-widget_type=\"ae-post-blocks-adv.grid\">\n\t\t\t\t<div class=\"elementor-widget-container\">\n\t\t\t\t\t\t\t\t<div class=\"ae-post-overlay\">\n\t\t\t\t<div class=\"ae-post-overlay-wrapper\">\n\t\t\t\t\t<div class=\"ae-post-overlay-icon\">\n\t\t\t\t\t\t<i aria-hidden=\"true\" class=\"fa fa-sync\"><\/i>\t\t\t\t\t<\/div>\n\t\t\t\t\t<div class=\"ae-post-overlay-text\">\n\t\t\t\t\t\tLoading...\t\t\t\t\t<\/div>\n\t\t\t\t<\/div>\n\t\t\t<\/div>\n\t\t\t\t\t\t<div class=\"ae-outer-wrapper ae-height-100\" data-source=\"restauraties\" data-pid=\"4616\" data-wid=\"7274a41\" data-disable_scroll_on_ajax_load=\"no\" data-pagination_scroll_top_offset=\"0\" >\n\t\t\t\n\t\t<div class=\"ae-post-collection\" >\n\t\t\t\n\t\t<article class=\"ae-post-item ae-post-item-7274a41\" >\n\t\t\t<div class=\"ae-post-item-inner\">\n\t\t\t\t\t\t\t\t<div class=\"ae_data elementor elementor-4632 elementor-2652\">\n\t\t\t\t\t\t\t\t\t\t\t<div data-elementor-type=\"wp-post\" data-elementor-id=\"4632\" class=\"elementor elementor-4632 elementor-2652 elementor-2652\" data-elementor-post-type=\"ae_global_templates\">\n\t\t\t\t\t\t<section class=\"has_ae_slider elementor-section elementor-top-section elementor-element elementor-element-c0da08b elementor-section-height-min-height elementor-section-items-stretch elementor-section-boxed elementor-section-height-default ae-bg-gallery-type-default\" data-id=\"c0da08b\" data-element_type=\"section\" data-e-type=\"section\">\n\t\t\t\t\t\t<div class=\"elementor-container elementor-column-gap-no\">\n\t\t\t\t\t<div class=\"has_ae_slider elementor-column elementor-col-100 elementor-top-column elementor-element elementor-element-70d3694 ae-bg-gallery-type-default\" data-id=\"70d3694\" data-element_type=\"column\" data-e-type=\"column\" data-settings=\"{&quot;background_background&quot;:&quot;gradient&quot;}\">\n\t\t\t<div class=\"elementor-widget-wrap elementor-element-populated\">\n\t\t\t\t\t\t<div class=\"elementor-element elementor-element-537281c elementor-widget elementor-widget-image\" data-id=\"537281c\" data-element_type=\"widget\" data-e-type=\"widget\" data-widget_type=\"image.default\">\n\t\t\t\t<div class=\"elementor-widget-container\">\n\t\t\t\t\t\t\t\t\t\t\t\t\t\t\t<img fetchpriority=\"high\" decoding=\"async\" width=\"800\" height=\"534\" src=\"https:\/\/classic-job.jouw.dev\/wp-content\/uploads\/2020\/12\/Scherm\u00adafbeelding-2023-03-07-om-11.24.09-1024x683.png\" class=\"attachment-large size-large wp-image-4585\" alt=\"\" srcset=\"https:\/\/classic-job.jouw.dev\/wp-content\/uploads\/2020\/12\/Scherm\u00adafbeelding-2023-03-07-om-11.24.09-1024x683.png 1024w, https:\/\/classic-job.jouw.dev\/wp-content\/uploads\/2020\/12\/Scherm\u00adafbeelding-2023-03-07-om-11.24.09-300x200.png 300w, https:\/\/classic-job.jouw.dev\/wp-content\/uploads\/2020\/12\/Scherm\u00adafbeelding-2023-03-07-om-11.24.09-768x513.png 768w, https:\/\/classic-job.jouw.dev\/wp-content\/uploads\/2020\/12\/Scherm\u00adafbeelding-2023-03-07-om-11.24.09-1536x1025.png 1536w, https:\/\/classic-job.jouw.dev\/wp-content\/uploads\/2020\/12\/Scherm\u00adafbeelding-2023-03-07-om-11.24.09.png 1966w\" sizes=\"(max-width: 800px) 100vw, 800px\" \/>\t\t\t\t\t\t\t\t\t\t\t\t\t\t\t<\/div>\n\t\t\t\t<\/div>\n\t\t\t\t<div class=\"elementor-element elementor-element-60a6748 elementor-widget elementor-widget-heading\" data-id=\"60a6748\" data-element_type=\"widget\" data-e-type=\"widget\" data-widget_type=\"heading.default\">\n\t\t\t\t<div class=\"elementor-widget-container\">\n\t\t\t\t\t<h2 class=\"elementor-heading-title elementor-size-default\">23 d\u00e9cembre 2020<\/h2>\t\t\t\t<\/div>\n\t\t\t\t<\/div>\n\t\t\t\t<div class=\"elementor-element elementor-element-878e3b6 elementor-widget elementor-widget-heading\" data-id=\"878e3b6\" data-element_type=\"widget\" data-e-type=\"widget\" data-widget_type=\"heading.default\">\n\t\t\t\t<div class=\"elementor-widget-container\">\n\t\t\t\t\t<h2 class=\"elementor-heading-title elementor-size-default\">Volvo 1800 S<\/h2>\t\t\t\t<\/div>\n\t\t\t\t<\/div>\n\t\t\t\t<div class=\"elementor-element elementor-element-5866255 elementor-widget elementor-widget-ae-acf\" data-id=\"5866255\" data-element_type=\"widget\" data-e-type=\"widget\" data-widget_type=\"ae-acf.text-area\">\n\t\t\t\t<div class=\"elementor-widget-container\">\n\t\t\t\t\t\t\t<div class=\"ae-acf-wrapper ae-acf-unfold-\">\n\t\t\t<p itemprop=\"name\" class=\"ae-acf-content-wrapper\">La carrosserie de cette Volvo 1800 S a \u00e9t\u00e9 restaur\u00e9e dans un \u00e9tat meilleur que neuf. La carrosserie a \u00e9t\u00e9 livr\u00e9e d\u00e9mont\u00e9e par le client. Nous avons commenc\u00e9 \u00e0 enlev&#8230;<\/p>\t\t<\/div>\n\t\t\t\t\t\t<\/div>\n\t\t\t\t<\/div>\n\t\t\t\t<div class=\"elementor-element elementor-element-878fd63 elementor-widget elementor-widget-heading\" data-id=\"878fd63\" data-element_type=\"widget\" data-e-type=\"widget\" data-widget_type=\"heading.default\">\n\t\t\t\t<div class=\"elementor-widget-container\">\n\t\t\t\t\t<h3 class=\"elementor-heading-title elementor-size-default\"><a href=\"https:\/\/classic-job.jouw.dev\/fr\/restauraties\/volvo-1800-s\/\">Lire plus<\/a><\/h3>\t\t\t\t<\/div>\n\t\t\t\t<\/div>\n\t\t\t\t\t<\/div>\n\t\t<\/div>\n\t\t\t\t\t<\/div>\n\t\t<\/section>\n\t\t\t\t<\/div>\n\t\t\t\t\t\t\t\t\t\t<\/div>\n\t\t\t\t\t\t\t<\/div>\n\t\t<\/article>\n\n\t\t\n\t\t<article class=\"ae-post-item ae-post-item-7274a41\" >\n\t\t\t<div class=\"ae-post-item-inner\">\n\t\t\t\t\t\t\t\t<div class=\"ae_data elementor elementor-4632 elementor-2652\">\n\t\t\t\t\t\t\t\t\t\t\t<div data-elementor-type=\"wp-post\" data-elementor-id=\"4632\" class=\"elementor elementor-4632 elementor-2652 elementor-2652\" data-elementor-post-type=\"ae_global_templates\">\n\t\t\t\t\t\t<section class=\"has_ae_slider elementor-section elementor-top-section elementor-element elementor-element-c0da08b elementor-section-height-min-height elementor-section-items-stretch elementor-section-boxed elementor-section-height-default ae-bg-gallery-type-default\" data-id=\"c0da08b\" data-element_type=\"section\" data-e-type=\"section\">\n\t\t\t\t\t\t<div class=\"elementor-container elementor-column-gap-no\">\n\t\t\t\t\t<div class=\"has_ae_slider elementor-column elementor-col-100 elementor-top-column elementor-element elementor-element-70d3694 ae-bg-gallery-type-default\" data-id=\"70d3694\" data-element_type=\"column\" data-e-type=\"column\" data-settings=\"{&quot;background_background&quot;:&quot;gradient&quot;}\">\n\t\t\t<div class=\"elementor-widget-wrap elementor-element-populated\">\n\t\t\t\t\t\t<div class=\"elementor-element elementor-element-537281c elementor-widget elementor-widget-image\" data-id=\"537281c\" data-element_type=\"widget\" data-e-type=\"widget\" data-widget_type=\"image.default\">\n\t\t\t\t<div class=\"elementor-widget-container\">\n\t\t\t\t\t\t\t\t\t\t\t\t\t\t\t<img decoding=\"async\" width=\"800\" height=\"533\" src=\"https:\/\/classic-job.jouw.dev\/wp-content\/uploads\/2020\/12\/Scherm\u00adafbeelding-2023-03-07-om-11.31.07-1024x682.png\" class=\"attachment-large size-large wp-image-4586\" alt=\"\" srcset=\"https:\/\/classic-job.jouw.dev\/wp-content\/uploads\/2020\/12\/Scherm\u00adafbeelding-2023-03-07-om-11.31.07-1024x682.png 1024w, https:\/\/classic-job.jouw.dev\/wp-content\/uploads\/2020\/12\/Scherm\u00adafbeelding-2023-03-07-om-11.31.07-300x200.png 300w, https:\/\/classic-job.jouw.dev\/wp-content\/uploads\/2020\/12\/Scherm\u00adafbeelding-2023-03-07-om-11.31.07-768x511.png 768w, https:\/\/classic-job.jouw.dev\/wp-content\/uploads\/2020\/12\/Scherm\u00adafbeelding-2023-03-07-om-11.31.07-1536x1023.png 1536w, https:\/\/classic-job.jouw.dev\/wp-content\/uploads\/2020\/12\/Scherm\u00adafbeelding-2023-03-07-om-11.31.07.png 1976w\" sizes=\"(max-width: 800px) 100vw, 800px\" \/>\t\t\t\t\t\t\t\t\t\t\t\t\t\t\t<\/div>\n\t\t\t\t<\/div>\n\t\t\t\t<div class=\"elementor-element elementor-element-60a6748 elementor-widget elementor-widget-heading\" data-id=\"60a6748\" data-element_type=\"widget\" data-e-type=\"widget\" data-widget_type=\"heading.default\">\n\t\t\t\t<div class=\"elementor-widget-container\">\n\t\t\t\t\t<h2 class=\"elementor-heading-title elementor-size-default\">23 d\u00e9cembre 2020<\/h2>\t\t\t\t<\/div>\n\t\t\t\t<\/div>\n\t\t\t\t<div class=\"elementor-element elementor-element-878e3b6 elementor-widget elementor-widget-heading\" data-id=\"878e3b6\" data-element_type=\"widget\" data-e-type=\"widget\" data-widget_type=\"heading.default\">\n\t\t\t\t<div class=\"elementor-widget-container\">\n\t\t\t\t\t<h2 class=\"elementor-heading-title elementor-size-default\">1934\/39 SEFAC \u2018parallel eight' Grand Prix motor<\/h2>\t\t\t\t<\/div>\n\t\t\t\t<\/div>\n\t\t\t\t<div class=\"elementor-element elementor-element-5866255 elementor-widget elementor-widget-ae-acf\" data-id=\"5866255\" data-element_type=\"widget\" data-e-type=\"widget\" data-widget_type=\"ae-acf.text-area\">\n\t\t\t\t<div class=\"elementor-widget-container\">\n\t\t\t\t\t\t\t<div class=\"ae-acf-wrapper ae-acf-unfold-\">\n\t\t\t<p itemprop=\"name\" class=\"ae-acf-content-wrapper\">La restauration et la reconstruction de la myst\u00e9rieuse et unique voiture de course SEFAC Grand Prix 1934\/39 ont \u00e9t\u00e9 confi\u00e9es \u00e0 Classic Job. Le complexe moteur paral&#8230;<\/p>\t\t<\/div>\n\t\t\t\t\t\t<\/div>\n\t\t\t\t<\/div>\n\t\t\t\t<div class=\"elementor-element elementor-element-878fd63 elementor-widget elementor-widget-heading\" data-id=\"878fd63\" data-element_type=\"widget\" data-e-type=\"widget\" data-widget_type=\"heading.default\">\n\t\t\t\t<div class=\"elementor-widget-container\">\n\t\t\t\t\t<h3 class=\"elementor-heading-title elementor-size-default\"><a href=\"https:\/\/classic-job.jouw.dev\/fr\/restauraties\/1934-39-sefac-parallel-eight-grand-prix-motor\/\">Lire plus<\/a><\/h3>\t\t\t\t<\/div>\n\t\t\t\t<\/div>\n\t\t\t\t\t<\/div>\n\t\t<\/div>\n\t\t\t\t\t<\/div>\n\t\t<\/section>\n\t\t\t\t<\/div>\n\t\t\t\t\t\t\t\t\t\t<\/div>\n\t\t\t\t\t\t\t<\/div>\n\t\t<\/article>\n\n\t\t\n\t\t<article class=\"ae-post-item ae-post-item-7274a41\" >\n\t\t\t<div class=\"ae-post-item-inner\">\n\t\t\t\t\t\t\t\t<div class=\"ae_data elementor elementor-4632 elementor-2652\">\n\t\t\t\t\t\t\t\t\t\t\t<div data-elementor-type=\"wp-post\" data-elementor-id=\"4632\" class=\"elementor elementor-4632 elementor-2652 elementor-2652\" data-elementor-post-type=\"ae_global_templates\">\n\t\t\t\t\t\t<section class=\"has_ae_slider elementor-section elementor-top-section elementor-element elementor-element-c0da08b elementor-section-height-min-height elementor-section-items-stretch elementor-section-boxed elementor-section-height-default ae-bg-gallery-type-default\" data-id=\"c0da08b\" data-element_type=\"section\" data-e-type=\"section\">\n\t\t\t\t\t\t<div class=\"elementor-container elementor-column-gap-no\">\n\t\t\t\t\t<div class=\"has_ae_slider elementor-column elementor-col-100 elementor-top-column elementor-element elementor-element-70d3694 ae-bg-gallery-type-default\" data-id=\"70d3694\" data-element_type=\"column\" data-e-type=\"column\" data-settings=\"{&quot;background_background&quot;:&quot;gradient&quot;}\">\n\t\t\t<div class=\"elementor-widget-wrap elementor-element-populated\">\n\t\t\t\t\t\t<div class=\"elementor-element elementor-element-537281c elementor-widget elementor-widget-image\" data-id=\"537281c\" data-element_type=\"widget\" data-e-type=\"widget\" data-widget_type=\"image.default\">\n\t\t\t\t<div class=\"elementor-widget-container\">\n\t\t\t\t\t\t\t\t\t\t\t\t\t\t\t<img decoding=\"async\" width=\"800\" height=\"532\" src=\"https:\/\/classic-job.jouw.dev\/wp-content\/uploads\/2020\/12\/Scherm\u00adafbeelding-2023-03-07-om-11.37.38-1024x681.png\" class=\"attachment-large size-large wp-image-4587\" alt=\"\" srcset=\"https:\/\/classic-job.jouw.dev\/wp-content\/uploads\/2020\/12\/Scherm\u00adafbeelding-2023-03-07-om-11.37.38-1024x681.png 1024w, https:\/\/classic-job.jouw.dev\/wp-content\/uploads\/2020\/12\/Scherm\u00adafbeelding-2023-03-07-om-11.37.38-300x199.png 300w, https:\/\/classic-job.jouw.dev\/wp-content\/uploads\/2020\/12\/Scherm\u00adafbeelding-2023-03-07-om-11.37.38-768x510.png 768w, https:\/\/classic-job.jouw.dev\/wp-content\/uploads\/2020\/12\/Scherm\u00adafbeelding-2023-03-07-om-11.37.38-1536x1021.png 1536w, https:\/\/classic-job.jouw.dev\/wp-content\/uploads\/2020\/12\/Scherm\u00adafbeelding-2023-03-07-om-11.37.38.png 1974w\" sizes=\"(max-width: 800px) 100vw, 800px\" \/>\t\t\t\t\t\t\t\t\t\t\t\t\t\t\t<\/div>\n\t\t\t\t<\/div>\n\t\t\t\t<div class=\"elementor-element elementor-element-60a6748 elementor-widget elementor-widget-heading\" data-id=\"60a6748\" data-element_type=\"widget\" data-e-type=\"widget\" data-widget_type=\"heading.default\">\n\t\t\t\t<div class=\"elementor-widget-container\">\n\t\t\t\t\t<h2 class=\"elementor-heading-title elementor-size-default\">21 d\u00e9cembre 2020<\/h2>\t\t\t\t<\/div>\n\t\t\t\t<\/div>\n\t\t\t\t<div class=\"elementor-element elementor-element-878e3b6 elementor-widget elementor-widget-heading\" data-id=\"878e3b6\" data-element_type=\"widget\" data-e-type=\"widget\" data-widget_type=\"heading.default\">\n\t\t\t\t<div class=\"elementor-widget-container\">\n\t\t\t\t\t<h2 class=\"elementor-heading-title elementor-size-default\">Talbot Lago T26 Record Surprofil\u00e9 1952<\/h2>\t\t\t\t<\/div>\n\t\t\t\t<\/div>\n\t\t\t\t<div class=\"elementor-element elementor-element-5866255 elementor-widget elementor-widget-ae-acf\" data-id=\"5866255\" data-element_type=\"widget\" data-e-type=\"widget\" data-widget_type=\"ae-acf.text-area\">\n\t\t\t\t<div class=\"elementor-widget-container\">\n\t\t\t\t\t\t\t<div class=\"ae-acf-wrapper ae-acf-unfold-\">\n\t\t\t<p itemprop=\"name\" class=\"ae-acf-content-wrapper\">Ce fantastique Talbot lago T26 Record Surprofil\u00e9 de 1952 est enti\u00e8rement restaur\u00e9 et r\u00e9vis\u00e9 par Classic Job. Ce reportage photo a commenc\u00e9 alors que le ch\u00e2ssis avai&#8230;<\/p>\t\t<\/div>\n\t\t\t\t\t\t<\/div>\n\t\t\t\t<\/div>\n\t\t\t\t<div class=\"elementor-element elementor-element-878fd63 elementor-widget elementor-widget-heading\" data-id=\"878fd63\" data-element_type=\"widget\" data-e-type=\"widget\" data-widget_type=\"heading.default\">\n\t\t\t\t<div class=\"elementor-widget-container\">\n\t\t\t\t\t<h3 class=\"elementor-heading-title elementor-size-default\"><a href=\"https:\/\/classic-job.jouw.dev\/fr\/restauraties\/talbot-lago-t26-record-surprofile-1952\/\">Lire plus<\/a><\/h3>\t\t\t\t<\/div>\n\t\t\t\t<\/div>\n\t\t\t\t\t<\/div>\n\t\t<\/div>\n\t\t\t\t\t<\/div>\n\t\t<\/section>\n\t\t\t\t<\/div>\n\t\t\t\t\t\t\t\t\t\t<\/div>\n\t\t\t\t\t\t\t<\/div>\n\t\t<\/article>\n\n\t\t\t\t<\/div>\n\t\t\t\t\t<\/div> <!-- end .ae-outer-wrapper -->\n\t\t\t\t\t\t\t<\/div>\n\t\t\t\t<\/div>\n\t\t\t\t\t<\/div>\n\t\t<\/div>\n\t\t\t\t\t<\/div>\n\t\t<\/section>\n\t\t\t\t<\/div>\n\t\t","protected":false},"excerpt":{"rendered":"<p>RESTAURATIONS Restaurations de Classic Job Nous restaurons en tout ou en partie. Tant techniquement que t\u00f4lerie. Avec un atelier technique tout \u00e9quip\u00e9, un atelier t\u00f4lerie avec sa propre cabine de peinture et son propre service de r\u00e9vision moteur, rien n&rsquo;est trop fou pour nous! Loading&#8230; De carrosserie van deze Volvo 1800 S is naar beter [&hellip;]<\/p>\n","protected":false},"author":3,"featured_media":0,"parent":0,"menu_order":0,"comment_status":"closed","ping_status":"closed","template":"elementor_header_footer","meta":{"_acf_changed":false,"inline_featured_image":false,"footnotes":""},"class_list":["post-4616","page","type-page","status-publish","hentry"],"acf":[],"yoast_head":"<!-- This site is optimized with the Yoast SEO plugin v26.8 - https:\/\/yoast.com\/product\/yoast-seo-wordpress\/ -->\n<title>Restaurations - Classic Job<\/title>\n<meta name=\"robots\" content=\"noindex, follow, max-snippet:-1, max-image-preview:large, max-video-preview:-1\" \/>\n<meta property=\"og:locale\" content=\"fr_FR\" \/>\n<meta property=\"og:type\" content=\"article\" \/>\n<meta property=\"og:title\" content=\"Restaurations - Classic Job\" \/>\n<meta property=\"og:description\" content=\"RESTAURATIONS Restaurations de Classic Job Nous restaurons en tout ou en partie. Tant techniquement que t\u00f4lerie. Avec un atelier technique tout \u00e9quip\u00e9, un atelier t\u00f4lerie avec sa propre cabine de peinture et son propre service de r\u00e9vision moteur, rien n&rsquo;est trop fou pour nous! Loading&#8230; De carrosserie van deze Volvo 1800 S is naar beter [&hellip;]\" \/>\n<meta property=\"og:url\" content=\"https:\/\/classic-job.jouw.dev\/fr\/restaurations\/\" \/>\n<meta property=\"og:site_name\" content=\"Classic Job\" \/>\n<meta property=\"article:modified_time\" content=\"2023-05-04T07:14:40+00:00\" \/>\n<meta name=\"twitter:card\" content=\"summary_large_image\" \/>\n<meta name=\"twitter:label1\" content=\"Dur\u00e9e de lecture estim\u00e9e\" \/>\n\t<meta name=\"twitter:data1\" content=\"1 minute\" \/>\n<script type=\"application\/ld+json\" class=\"yoast-schema-graph\">{\"@context\":\"https:\/\/schema.org\",\"@graph\":[{\"@type\":\"WebPage\",\"@id\":\"https:\/\/classic-job.jouw.dev\/fr\/restaurations\/\",\"url\":\"https:\/\/classic-job.jouw.dev\/fr\/restaurations\/\",\"name\":\"Restaurations - Classic Job\",\"isPartOf\":{\"@id\":\"https:\/\/classic-job.jouw.dev\/fr\/#website\"},\"datePublished\":\"2020-10-26T09:20:10+00:00\",\"dateModified\":\"2023-05-04T07:14:40+00:00\",\"breadcrumb\":{\"@id\":\"https:\/\/classic-job.jouw.dev\/fr\/restaurations\/#breadcrumb\"},\"inLanguage\":\"fr-FR\",\"potentialAction\":[{\"@type\":\"ReadAction\",\"target\":[\"https:\/\/classic-job.jouw.dev\/fr\/restaurations\/\"]}]},{\"@type\":\"BreadcrumbList\",\"@id\":\"https:\/\/classic-job.jouw.dev\/fr\/restaurations\/#breadcrumb\",\"itemListElement\":[{\"@type\":\"ListItem\",\"position\":1,\"name\":\"Home\",\"item\":\"https:\/\/classic-job.jouw.dev\/fr\/home\/\"},{\"@type\":\"ListItem\",\"position\":2,\"name\":\"Restaurations\"}]},{\"@type\":\"WebSite\",\"@id\":\"https:\/\/classic-job.jouw.dev\/fr\/#website\",\"url\":\"https:\/\/classic-job.jouw.dev\/fr\/\",\"name\":\"Classic Job\",\"description\":\"Restauratie\",\"publisher\":{\"@id\":\"https:\/\/classic-job.jouw.dev\/fr\/#organization\"},\"potentialAction\":[{\"@type\":\"SearchAction\",\"target\":{\"@type\":\"EntryPoint\",\"urlTemplate\":\"https:\/\/classic-job.jouw.dev\/fr\/?s={search_term_string}\"},\"query-input\":{\"@type\":\"PropertyValueSpecification\",\"valueRequired\":true,\"valueName\":\"search_term_string\"}}],\"inLanguage\":\"fr-FR\"},{\"@type\":\"Organization\",\"@id\":\"https:\/\/classic-job.jouw.dev\/fr\/#organization\",\"name\":\"Classic Job\",\"url\":\"https:\/\/classic-job.jouw.dev\/fr\/\",\"logo\":{\"@type\":\"ImageObject\",\"inLanguage\":\"fr-FR\",\"@id\":\"https:\/\/classic-job.jouw.dev\/fr\/#\/schema\/logo\/image\/\",\"url\":\"https:\/\/classic-job.jouw.dev\/wp-content\/uploads\/2020\/02\/ClassicJob_zw.svg\",\"contentUrl\":\"https:\/\/classic-job.jouw.dev\/wp-content\/uploads\/2020\/02\/ClassicJob_zw.svg\",\"width\":1,\"height\":1,\"caption\":\"Classic Job\"},\"image\":{\"@id\":\"https:\/\/classic-job.jouw.dev\/fr\/#\/schema\/logo\/image\/\"}}]}<\/script>\n<!-- \/ Yoast SEO plugin. -->","yoast_head_json":{"title":"Restaurations - Classic Job","robots":{"index":"noindex","follow":"follow","max-snippet":"max-snippet:-1","max-image-preview":"max-image-preview:large","max-video-preview":"max-video-preview:-1"},"og_locale":"fr_FR","og_type":"article","og_title":"Restaurations - Classic Job","og_description":"RESTAURATIONS Restaurations de Classic Job Nous restaurons en tout ou en partie. Tant techniquement que t\u00f4lerie. Avec un atelier technique tout \u00e9quip\u00e9, un atelier t\u00f4lerie avec sa propre cabine de peinture et son propre service de r\u00e9vision moteur, rien n&rsquo;est trop fou pour nous! Loading&#8230; De carrosserie van deze Volvo 1800 S is naar beter [&hellip;]","og_url":"https:\/\/classic-job.jouw.dev\/fr\/restaurations\/","og_site_name":"Classic Job","article_modified_time":"2023-05-04T07:14:40+00:00","twitter_card":"summary_large_image","twitter_misc":{"Dur\u00e9e de lecture estim\u00e9e":"1 minute"},"schema":{"@context":"https:\/\/schema.org","@graph":[{"@type":"WebPage","@id":"https:\/\/classic-job.jouw.dev\/fr\/restaurations\/","url":"https:\/\/classic-job.jouw.dev\/fr\/restaurations\/","name":"Restaurations - Classic Job","isPartOf":{"@id":"https:\/\/classic-job.jouw.dev\/fr\/#website"},"datePublished":"2020-10-26T09:20:10+00:00","dateModified":"2023-05-04T07:14:40+00:00","breadcrumb":{"@id":"https:\/\/classic-job.jouw.dev\/fr\/restaurations\/#breadcrumb"},"inLanguage":"fr-FR","potentialAction":[{"@type":"ReadAction","target":["https:\/\/classic-job.jouw.dev\/fr\/restaurations\/"]}]},{"@type":"BreadcrumbList","@id":"https:\/\/classic-job.jouw.dev\/fr\/restaurations\/#breadcrumb","itemListElement":[{"@type":"ListItem","position":1,"name":"Home","item":"https:\/\/classic-job.jouw.dev\/fr\/home\/"},{"@type":"ListItem","position":2,"name":"Restaurations"}]},{"@type":"WebSite","@id":"https:\/\/classic-job.jouw.dev\/fr\/#website","url":"https:\/\/classic-job.jouw.dev\/fr\/","name":"Classic Job","description":"Restauratie","publisher":{"@id":"https:\/\/classic-job.jouw.dev\/fr\/#organization"},"potentialAction":[{"@type":"SearchAction","target":{"@type":"EntryPoint","urlTemplate":"https:\/\/classic-job.jouw.dev\/fr\/?s={search_term_string}"},"query-input":{"@type":"PropertyValueSpecification","valueRequired":true,"valueName":"search_term_string"}}],"inLanguage":"fr-FR"},{"@type":"Organization","@id":"https:\/\/classic-job.jouw.dev\/fr\/#organization","name":"Classic Job","url":"https:\/\/classic-job.jouw.dev\/fr\/","logo":{"@type":"ImageObject","inLanguage":"fr-FR","@id":"https:\/\/classic-job.jouw.dev\/fr\/#\/schema\/logo\/image\/","url":"https:\/\/classic-job.jouw.dev\/wp-content\/uploads\/2020\/02\/ClassicJob_zw.svg","contentUrl":"https:\/\/classic-job.jouw.dev\/wp-content\/uploads\/2020\/02\/ClassicJob_zw.svg","width":1,"height":1,"caption":"Classic Job"},"image":{"@id":"https:\/\/classic-job.jouw.dev\/fr\/#\/schema\/logo\/image\/"}}]}},"_links":{"self":[{"href":"https:\/\/classic-job.jouw.dev\/fr\/wp-json\/wp\/v2\/pages\/4616","targetHints":{"allow":["GET"]}}],"collection":[{"href":"https:\/\/classic-job.jouw.dev\/fr\/wp-json\/wp\/v2\/pages"}],"about":[{"href":"https:\/\/classic-job.jouw.dev\/fr\/wp-json\/wp\/v2\/types\/page"}],"author":[{"embeddable":true,"href":"https:\/\/classic-job.jouw.dev\/fr\/wp-json\/wp\/v2\/users\/3"}],"replies":[{"embeddable":true,"href":"https:\/\/classic-job.jouw.dev\/fr\/wp-json\/wp\/v2\/comments?post=4616"}],"version-history":[{"count":10,"href":"https:\/\/classic-job.jouw.dev\/fr\/wp-json\/wp\/v2\/pages\/4616\/revisions"}],"predecessor-version":[{"id":5011,"href":"https:\/\/classic-job.jouw.dev\/fr\/wp-json\/wp\/v2\/pages\/4616\/revisions\/5011"}],"wp:attachment":[{"href":"https:\/\/classic-job.jouw.dev\/fr\/wp-json\/wp\/v2\/media?parent=4616"}],"curies":[{"name":"wp","href":"https:\/\/api.w.org\/{rel}","templated":true}]}}