{"id":4608,"date":"2020-10-30T09:30:20","date_gmt":"2020-10-30T08:30:20","guid":{"rendered":"https:\/\/classic-job.jouw.dev\/nouvelles\/"},"modified":"2023-05-04T09:16:43","modified_gmt":"2023-05-04T07:16:43","slug":"nouvelles","status":"publish","type":"page","link":"https:\/\/classic-job.jouw.dev\/fr\/nouvelles\/","title":{"rendered":"Nouvelles"},"content":{"rendered":"\t\t<div data-elementor-type=\"wp-page\" data-elementor-id=\"4608\" class=\"elementor elementor-4608 elementor-1942\" data-elementor-post-type=\"page\">\n\t\t\t\t\t\t<section class=\"has_ae_slider elementor-section elementor-top-section elementor-element elementor-element-63f33c3 elementor-section-boxed elementor-section-height-default elementor-section-height-default ae-bg-gallery-type-default\" data-id=\"63f33c3\" data-element_type=\"section\" data-e-type=\"section\">\n\t\t\t\t\t\t\t<div class=\"elementor-background-overlay\"><\/div>\n\t\t\t\t\t\t\t<div class=\"elementor-container elementor-column-gap-no\">\n\t\t\t\t\t<div class=\"has_ae_slider elementor-column elementor-col-100 elementor-top-column elementor-element elementor-element-584db05 ae-bg-gallery-type-default\" data-id=\"584db05\" data-element_type=\"column\" data-e-type=\"column\">\n\t\t\t<div class=\"elementor-widget-wrap elementor-element-populated\">\n\t\t\t\t\t\t<div class=\"elementor-element elementor-element-1be5524 elementor-widget elementor-widget-heading\" data-id=\"1be5524\" data-element_type=\"widget\" data-e-type=\"widget\" data-widget_type=\"heading.default\">\n\t\t\t\t<div class=\"elementor-widget-container\">\n\t\t\t\t\t<h4 class=\"elementor-heading-title elementor-size-default\">NOUVELLES<\/h4>\t\t\t\t<\/div>\n\t\t\t\t<\/div>\n\t\t\t\t<div class=\"elementor-element elementor-element-7f70207 elementor-widget elementor-widget-heading\" data-id=\"7f70207\" data-element_type=\"widget\" data-e-type=\"widget\" data-widget_type=\"heading.default\">\n\t\t\t\t<div class=\"elementor-widget-container\">\n\t\t\t\t\t<h1 class=\"elementor-heading-title elementor-size-default\">Nous aimerions partager cela avec vous<\/h1>\t\t\t\t<\/div>\n\t\t\t\t<\/div>\n\t\t\t\t<div class=\"elementor-element elementor-element-f0587f2 elementor-widget elementor-widget-text-editor\" data-id=\"f0587f2\" data-element_type=\"widget\" data-e-type=\"widget\" data-widget_type=\"text-editor.default\">\n\t\t\t\t<div class=\"elementor-widget-container\">\n\t\t\t\t\t\t\t\t\t<p>Souhaitez-vous en savoir plus sur les \u00e9v\u00e9nements importants, les \u00e9v\u00e9nements int\u00e9ressants et d&rsquo;autres mises \u00e0 jour de l&rsquo;actualit\u00e9.&nbsp;Nous sommes heureux de vous tenir inform\u00e9 !&nbsp;<\/p>\n\t\t\t\t\t\t\t\t<\/div>\n\t\t\t\t<\/div>\n\t\t\t\t\t<\/div>\n\t\t<\/div>\n\t\t\t\t\t<\/div>\n\t\t<\/section>\n\t\t\t\t<section class=\"has_ae_slider elementor-section elementor-top-section elementor-element elementor-element-8f90352 elementor-section-boxed elementor-section-height-default elementor-section-height-default ae-bg-gallery-type-default\" data-id=\"8f90352\" data-element_type=\"section\" data-e-type=\"section\" data-settings=\"{&quot;background_background&quot;:&quot;classic&quot;}\">\n\t\t\t\t\t\t<div class=\"elementor-container elementor-column-gap-no\">\n\t\t\t\t\t<div class=\"has_ae_slider elementor-column elementor-col-100 elementor-top-column elementor-element elementor-element-d76e68c ae-bg-gallery-type-default\" data-id=\"d76e68c\" data-element_type=\"column\" data-e-type=\"column\">\n\t\t\t<div class=\"elementor-widget-wrap elementor-element-populated\">\n\t\t\t\t\t\t<div class=\"elementor-element elementor-element-bcf929c ae-grid-default overlay-h-pos-center overlay-v-pos-middle elementor-widget elementor-widget-ae-post-blocks-adv\" data-id=\"bcf929c\" data-element_type=\"widget\" data-e-type=\"widget\" data-settings=\"{&quot;grid_columns&quot;:3,&quot;grid_columns_tablet&quot;:2,&quot;grid_columns_mobile&quot;:&quot;1&quot;}\" data-widget_type=\"ae-post-blocks-adv.grid\">\n\t\t\t\t<div class=\"elementor-widget-container\">\n\t\t\t\t\t\t\t\t<div class=\"ae-post-overlay\">\n\t\t\t\t<div class=\"ae-post-overlay-wrapper\">\n\t\t\t\t\t<div class=\"ae-post-overlay-icon\">\n\t\t\t\t\t\t<i aria-hidden=\"true\" class=\"fa fa-sync\"><\/i>\t\t\t\t\t<\/div>\n\t\t\t\t\t<div class=\"ae-post-overlay-text\">\n\t\t\t\t\t\tLoading...\t\t\t\t\t<\/div>\n\t\t\t\t<\/div>\n\t\t\t<\/div>\n\t\t\t\t\t\t<div class=\"ae-outer-wrapper ae-height-100\" data-source=\"post\" data-pid=\"4608\" data-wid=\"bcf929c\" data-disable_scroll_on_ajax_load=\"no\" data-pagination_scroll_top_offset=\"0\" >\n\t\t\t\t\t\t\t<\/div> <!-- end .ae-outer-wrapper -->\n\t\t\t\t\t\t\t\t<\/div>\n\t\t\t\t<\/div>\n\t\t\t\t\t<\/div>\n\t\t<\/div>\n\t\t\t\t\t<\/div>\n\t\t<\/section>\n\t\t\t\t<\/div>\n\t\t","protected":false},"excerpt":{"rendered":"<p>NOUVELLES Nous aimerions partager cela avec vous Souhaitez-vous en savoir plus sur les \u00e9v\u00e9nements importants, les \u00e9v\u00e9nements int\u00e9ressants et d&rsquo;autres mises \u00e0 jour de l&rsquo;actualit\u00e9.&nbsp;Nous sommes heureux de vous tenir inform\u00e9 !&nbsp; Loading&#8230; We kijken terug op The Winter Trial 2023. Een evenement om te onthouden! Lees meer Afgelopen dagen vond de 28e Classic Car [&hellip;]<\/p>\n","protected":false},"author":3,"featured_media":4540,"parent":0,"menu_order":0,"comment_status":"closed","ping_status":"closed","template":"","meta":{"_acf_changed":false,"inline_featured_image":false,"footnotes":""},"class_list":["post-4608","page","type-page","status-publish","has-post-thumbnail","hentry"],"acf":[],"yoast_head":"<!-- This site is optimized with the Yoast SEO plugin v26.8 - https:\/\/yoast.com\/product\/yoast-seo-wordpress\/ -->\n<title>Nouvelles - Classic Job<\/title>\n<meta name=\"robots\" content=\"noindex, follow, max-snippet:-1, max-image-preview:large, max-video-preview:-1\" \/>\n<meta property=\"og:locale\" content=\"fr_FR\" \/>\n<meta property=\"og:type\" content=\"article\" \/>\n<meta property=\"og:title\" content=\"Nouvelles - Classic Job\" \/>\n<meta property=\"og:description\" content=\"NOUVELLES Nous aimerions partager cela avec vous Souhaitez-vous en savoir plus sur les \u00e9v\u00e9nements importants, les \u00e9v\u00e9nements int\u00e9ressants et d&rsquo;autres mises \u00e0 jour de l&rsquo;actualit\u00e9.&nbsp;Nous sommes heureux de vous tenir inform\u00e9 !&nbsp; Loading&#8230; We kijken terug op The Winter Trial 2023. Een evenement om te onthouden! Lees meer Afgelopen dagen vond de 28e Classic Car [&hellip;]\" \/>\n<meta property=\"og:url\" content=\"https:\/\/classic-job.jouw.dev\/fr\/nouvelles\/\" \/>\n<meta property=\"og:site_name\" content=\"Classic Job\" \/>\n<meta property=\"article:modified_time\" content=\"2023-05-04T07:16:43+00:00\" \/>\n<meta property=\"og:image\" content=\"https:\/\/classic-job.jouw.dev\/wp-content\/uploads\/2020\/10\/ezgif.com-gif-maker.jpg\" \/>\n\t<meta property=\"og:image:width\" content=\"1536\" \/>\n\t<meta property=\"og:image:height\" content=\"1010\" \/>\n\t<meta property=\"og:image:type\" content=\"image\/jpeg\" \/>\n<meta name=\"twitter:card\" content=\"summary_large_image\" \/>\n<meta name=\"twitter:label1\" content=\"Dur\u00e9e de lecture estim\u00e9e\" \/>\n\t<meta name=\"twitter:data1\" content=\"1 minute\" \/>\n<script type=\"application\/ld+json\" class=\"yoast-schema-graph\">{\"@context\":\"https:\/\/schema.org\",\"@graph\":[{\"@type\":\"WebPage\",\"@id\":\"https:\/\/classic-job.jouw.dev\/fr\/nouvelles\/\",\"url\":\"https:\/\/classic-job.jouw.dev\/fr\/nouvelles\/\",\"name\":\"Nouvelles - Classic Job\",\"isPartOf\":{\"@id\":\"https:\/\/classic-job.jouw.dev\/fr\/#website\"},\"primaryImageOfPage\":{\"@id\":\"https:\/\/classic-job.jouw.dev\/fr\/nouvelles\/#primaryimage\"},\"image\":{\"@id\":\"https:\/\/classic-job.jouw.dev\/fr\/nouvelles\/#primaryimage\"},\"thumbnailUrl\":\"https:\/\/classic-job.jouw.dev\/wp-content\/uploads\/2020\/10\/ezgif.com-gif-maker.jpg\",\"datePublished\":\"2020-10-30T08:30:20+00:00\",\"dateModified\":\"2023-05-04T07:16:43+00:00\",\"breadcrumb\":{\"@id\":\"https:\/\/classic-job.jouw.dev\/fr\/nouvelles\/#breadcrumb\"},\"inLanguage\":\"fr-FR\",\"potentialAction\":[{\"@type\":\"ReadAction\",\"target\":[\"https:\/\/classic-job.jouw.dev\/fr\/nouvelles\/\"]}]},{\"@type\":\"ImageObject\",\"inLanguage\":\"fr-FR\",\"@id\":\"https:\/\/classic-job.jouw.dev\/fr\/nouvelles\/#primaryimage\",\"url\":\"https:\/\/classic-job.jouw.dev\/wp-content\/uploads\/2020\/10\/ezgif.com-gif-maker.jpg\",\"contentUrl\":\"https:\/\/classic-job.jouw.dev\/wp-content\/uploads\/2020\/10\/ezgif.com-gif-maker.jpg\",\"width\":1536,\"height\":1010},{\"@type\":\"BreadcrumbList\",\"@id\":\"https:\/\/classic-job.jouw.dev\/fr\/nouvelles\/#breadcrumb\",\"itemListElement\":[{\"@type\":\"ListItem\",\"position\":1,\"name\":\"Home\",\"item\":\"https:\/\/classic-job.jouw.dev\/fr\/home\/\"},{\"@type\":\"ListItem\",\"position\":2,\"name\":\"Nouvelles\"}]},{\"@type\":\"WebSite\",\"@id\":\"https:\/\/classic-job.jouw.dev\/fr\/#website\",\"url\":\"https:\/\/classic-job.jouw.dev\/fr\/\",\"name\":\"Classic Job\",\"description\":\"Restauratie\",\"publisher\":{\"@id\":\"https:\/\/classic-job.jouw.dev\/fr\/#organization\"},\"potentialAction\":[{\"@type\":\"SearchAction\",\"target\":{\"@type\":\"EntryPoint\",\"urlTemplate\":\"https:\/\/classic-job.jouw.dev\/fr\/?s={search_term_string}\"},\"query-input\":{\"@type\":\"PropertyValueSpecification\",\"valueRequired\":true,\"valueName\":\"search_term_string\"}}],\"inLanguage\":\"fr-FR\"},{\"@type\":\"Organization\",\"@id\":\"https:\/\/classic-job.jouw.dev\/fr\/#organization\",\"name\":\"Classic Job\",\"url\":\"https:\/\/classic-job.jouw.dev\/fr\/\",\"logo\":{\"@type\":\"ImageObject\",\"inLanguage\":\"fr-FR\",\"@id\":\"https:\/\/classic-job.jouw.dev\/fr\/#\/schema\/logo\/image\/\",\"url\":\"https:\/\/classic-job.jouw.dev\/wp-content\/uploads\/2020\/02\/ClassicJob_zw.svg\",\"contentUrl\":\"https:\/\/classic-job.jouw.dev\/wp-content\/uploads\/2020\/02\/ClassicJob_zw.svg\",\"width\":1,\"height\":1,\"caption\":\"Classic Job\"},\"image\":{\"@id\":\"https:\/\/classic-job.jouw.dev\/fr\/#\/schema\/logo\/image\/\"}}]}<\/script>\n<!-- \/ Yoast SEO plugin. -->","yoast_head_json":{"title":"Nouvelles - Classic Job","robots":{"index":"noindex","follow":"follow","max-snippet":"max-snippet:-1","max-image-preview":"max-image-preview:large","max-video-preview":"max-video-preview:-1"},"og_locale":"fr_FR","og_type":"article","og_title":"Nouvelles - Classic Job","og_description":"NOUVELLES Nous aimerions partager cela avec vous Souhaitez-vous en savoir plus sur les \u00e9v\u00e9nements importants, les \u00e9v\u00e9nements int\u00e9ressants et d&rsquo;autres mises \u00e0 jour de l&rsquo;actualit\u00e9.&nbsp;Nous sommes heureux de vous tenir inform\u00e9 !&nbsp; Loading&#8230; We kijken terug op The Winter Trial 2023. Een evenement om te onthouden! Lees meer Afgelopen dagen vond de 28e Classic Car [&hellip;]","og_url":"https:\/\/classic-job.jouw.dev\/fr\/nouvelles\/","og_site_name":"Classic Job","article_modified_time":"2023-05-04T07:16:43+00:00","og_image":[{"width":1536,"height":1010,"url":"https:\/\/classic-job.jouw.dev\/wp-content\/uploads\/2020\/10\/ezgif.com-gif-maker.jpg","type":"image\/jpeg"}],"twitter_card":"summary_large_image","twitter_misc":{"Dur\u00e9e de lecture estim\u00e9e":"1 minute"},"schema":{"@context":"https:\/\/schema.org","@graph":[{"@type":"WebPage","@id":"https:\/\/classic-job.jouw.dev\/fr\/nouvelles\/","url":"https:\/\/classic-job.jouw.dev\/fr\/nouvelles\/","name":"Nouvelles - Classic Job","isPartOf":{"@id":"https:\/\/classic-job.jouw.dev\/fr\/#website"},"primaryImageOfPage":{"@id":"https:\/\/classic-job.jouw.dev\/fr\/nouvelles\/#primaryimage"},"image":{"@id":"https:\/\/classic-job.jouw.dev\/fr\/nouvelles\/#primaryimage"},"thumbnailUrl":"https:\/\/classic-job.jouw.dev\/wp-content\/uploads\/2020\/10\/ezgif.com-gif-maker.jpg","datePublished":"2020-10-30T08:30:20+00:00","dateModified":"2023-05-04T07:16:43+00:00","breadcrumb":{"@id":"https:\/\/classic-job.jouw.dev\/fr\/nouvelles\/#breadcrumb"},"inLanguage":"fr-FR","potentialAction":[{"@type":"ReadAction","target":["https:\/\/classic-job.jouw.dev\/fr\/nouvelles\/"]}]},{"@type":"ImageObject","inLanguage":"fr-FR","@id":"https:\/\/classic-job.jouw.dev\/fr\/nouvelles\/#primaryimage","url":"https:\/\/classic-job.jouw.dev\/wp-content\/uploads\/2020\/10\/ezgif.com-gif-maker.jpg","contentUrl":"https:\/\/classic-job.jouw.dev\/wp-content\/uploads\/2020\/10\/ezgif.com-gif-maker.jpg","width":1536,"height":1010},{"@type":"BreadcrumbList","@id":"https:\/\/classic-job.jouw.dev\/fr\/nouvelles\/#breadcrumb","itemListElement":[{"@type":"ListItem","position":1,"name":"Home","item":"https:\/\/classic-job.jouw.dev\/fr\/home\/"},{"@type":"ListItem","position":2,"name":"Nouvelles"}]},{"@type":"WebSite","@id":"https:\/\/classic-job.jouw.dev\/fr\/#website","url":"https:\/\/classic-job.jouw.dev\/fr\/","name":"Classic Job","description":"Restauratie","publisher":{"@id":"https:\/\/classic-job.jouw.dev\/fr\/#organization"},"potentialAction":[{"@type":"SearchAction","target":{"@type":"EntryPoint","urlTemplate":"https:\/\/classic-job.jouw.dev\/fr\/?s={search_term_string}"},"query-input":{"@type":"PropertyValueSpecification","valueRequired":true,"valueName":"search_term_string"}}],"inLanguage":"fr-FR"},{"@type":"Organization","@id":"https:\/\/classic-job.jouw.dev\/fr\/#organization","name":"Classic Job","url":"https:\/\/classic-job.jouw.dev\/fr\/","logo":{"@type":"ImageObject","inLanguage":"fr-FR","@id":"https:\/\/classic-job.jouw.dev\/fr\/#\/schema\/logo\/image\/","url":"https:\/\/classic-job.jouw.dev\/wp-content\/uploads\/2020\/02\/ClassicJob_zw.svg","contentUrl":"https:\/\/classic-job.jouw.dev\/wp-content\/uploads\/2020\/02\/ClassicJob_zw.svg","width":1,"height":1,"caption":"Classic Job"},"image":{"@id":"https:\/\/classic-job.jouw.dev\/fr\/#\/schema\/logo\/image\/"}}]}},"_links":{"self":[{"href":"https:\/\/classic-job.jouw.dev\/fr\/wp-json\/wp\/v2\/pages\/4608","targetHints":{"allow":["GET"]}}],"collection":[{"href":"https:\/\/classic-job.jouw.dev\/fr\/wp-json\/wp\/v2\/pages"}],"about":[{"href":"https:\/\/classic-job.jouw.dev\/fr\/wp-json\/wp\/v2\/types\/page"}],"author":[{"embeddable":true,"href":"https:\/\/classic-job.jouw.dev\/fr\/wp-json\/wp\/v2\/users\/3"}],"replies":[{"embeddable":true,"href":"https:\/\/classic-job.jouw.dev\/fr\/wp-json\/wp\/v2\/comments?post=4608"}],"version-history":[{"count":10,"href":"https:\/\/classic-job.jouw.dev\/fr\/wp-json\/wp\/v2\/pages\/4608\/revisions"}],"predecessor-version":[{"id":5012,"href":"https:\/\/classic-job.jouw.dev\/fr\/wp-json\/wp\/v2\/pages\/4608\/revisions\/5012"}],"wp:featuredmedia":[{"embeddable":true,"href":"https:\/\/classic-job.jouw.dev\/fr\/wp-json\/wp\/v2\/media\/4540"}],"wp:attachment":[{"href":"https:\/\/classic-job.jouw.dev\/fr\/wp-json\/wp\/v2\/media?parent=4608"}],"curies":[{"name":"wp","href":"https:\/\/api.w.org\/{rel}","templated":true}]}}